{"id":57,"date":"2018-08-04T14:44:23","date_gmt":"2018-08-04T14:44:23","guid":{"rendered":"http:\/\/tagesmutter-untermregenbogen.de\/?page_id=57"},"modified":"2020-06-07T13:30:53","modified_gmt":"2020-06-07T13:30:53","slug":"eingewoehnung","status":"publish","type":"page","link":"https:\/\/tagesmutter-untermregenbogen.de\/?page_id=57","title":{"rendered":"Eingew\u00f6hnung"},"content":{"rendered":"<p style=\"padding-left: 30px;\"><span style=\"color: #286961;\"><strong><span style=\"font-size: 13.5pt;\">\u201eOhne Eltern geht es nicht\u201c<\/span><\/strong><\/span><\/p>\n<p style=\"padding-left: 30px;\">\u00dcberg\u00e4nge und Anf\u00e4nge wird es im Leben eines jeden Kindes h\u00e4ufiger geben. Deshalb ist es mir sehr wichtig diese neue Situation gelingend zu gestalten.<\/p>\n<p style=\"padding-left: 30px;\">\u201eOhne Eltern geht es nicht\u201c \u2013 nach diesem Motto m\u00f6chte ich die Eingew\u00f6hnung ihres Kindes ganz individuell unterst\u00fctzen, denn nur durch eine gute Zusammenarbeit zwischen Eltern und mir kann eine erfolgreiche Eingew\u00f6hnung durchgef\u00fchrt werden.<\/p>\n<p style=\"padding-left: 30px;\">In den ersten Tagen wird ihr Kind von einer vertrauten Person begleitet, welche sich St\u00fcck f\u00fcr St\u00fcck zur\u00fcckzieht bis ihr Kind allein bei mir in der Einrichtung bleibt. Die Eingew\u00f6hnung ihres Kindes ist abgeschlossen, wenn ihr Kind mich als neue Bezugsperson und \u201esichere Basis\u201c angenommen hat.<\/p>\n<p style=\"padding-left: 30px;\">Je nach den Bed\u00fcrfnissen ihres Kindes sollte eine Eingew\u00f6hnungszeit von 1-2 Wochen eingeplant werden. In dieser Zeit muss eine vertraute Person im \u201eKrisenfall\u201c erreichbar sein.<\/p>\n<p style=\"text-align: center;\"><a href=\"https:\/\/tagesmutter-untermregenbogen.de\/?page_id=51\">Zur\u00fcck<\/a><\/p>\n","protected":false},"excerpt":{"rendered":"<p>\u201eOhne Eltern geht es nicht\u201c \u00dcberg\u00e4nge und Anf\u00e4nge wird es im Leben eines jeden Kindes h\u00e4ufiger geben. Deshalb ist es mir sehr wichtig diese neue Situation gelingend zu gestalten. \u201eOhne Eltern geht es nicht\u201c \u2013 nach diesem Motto m\u00f6chte ich <span class=\"excerpt-dots\">&hellip;<\/span> <a class=\"more-link\" href=\"https:\/\/tagesmutter-untermregenbogen.de\/?page_id=57\"><span class=\"more-msg\">Weiterlesen &rarr;<\/span><\/a><\/p>\n","protected":false},"author":1,"featured_media":0,"parent":0,"menu_order":0,"comment_status":"closed","ping_status":"closed","template":"","meta":{"footnotes":""},"class_list":["post-57","page","type-page","status-publish","hentry"],"_links":{"self":[{"href":"https:\/\/tagesmutter-untermregenbogen.de\/index.php?rest_route=\/wp\/v2\/pages\/57","targetHints":{"allow":["GET"]}}],"collection":[{"href":"https:\/\/tagesmutter-untermregenbogen.de\/index.php?rest_route=\/wp\/v2\/pages"}],"about":[{"href":"https:\/\/tagesmutter-untermregenbogen.de\/index.php?rest_route=\/wp\/v2\/types\/page"}],"author":[{"embeddable":true,"href":"https:\/\/tagesmutter-untermregenbogen.de\/index.php?rest_route=\/wp\/v2\/users\/1"}],"replies":[{"embeddable":true,"href":"https:\/\/tagesmutter-untermregenbogen.de\/index.php?rest_route=%2Fwp%2Fv2%2Fcomments&post=57"}],"version-history":[{"count":4,"href":"https:\/\/tagesmutter-untermregenbogen.de\/index.php?rest_route=\/wp\/v2\/pages\/57\/revisions"}],"predecessor-version":[{"id":315,"href":"https:\/\/tagesmutter-untermregenbogen.de\/index.php?rest_route=\/wp\/v2\/pages\/57\/revisions\/315"}],"wp:attachment":[{"href":"https:\/\/tagesmutter-untermregenbogen.de\/index.php?rest_route=%2Fwp%2Fv2%2Fmedia&parent=57"}],"curies":[{"name":"wp","href":"https:\/\/api.w.org\/{rel}","templated":true}]}}