{"id":55,"date":"2018-08-04T14:44:05","date_gmt":"2018-08-04T14:44:05","guid":{"rendered":"http:\/\/tagesmutter-untermregenbogen.de\/?page_id=55"},"modified":"2018-08-23T19:46:22","modified_gmt":"2018-08-23T19:46:22","slug":"saechsischer-bildungsplan","status":"publish","type":"page","link":"https:\/\/tagesmutter-untermregenbogen.de\/?page_id=55","title":{"rendered":"S\u00e4chsischer Bildungsplan"},"content":{"rendered":"<p style=\"padding-left: 30px;\">Im Mittelpunkt meiner Arbeit steht der individuelle Weg eines jeden Kindes, sich mit der Welt auseinanderzusetzen. Das Kind ist Gestalter seiner eigenen Entwicklung und Konstrukteur seiner Lebenswelt mit Recht auf Bildung, Erziehung und Betreuung.<\/p>\n<p style=\"padding-left: 30px;\">Die p\u00e4dagogische Grundlage meiner Arbeit ist dabei die Umsetzung des S\u00e4chsischen Bildungsplanes mit seinen sechs Bildungsbereichen.<\/p>\n<p style=\"padding-left: 30px;\"><span style=\"color: #286961;\"><strong>Somatische Bildung<\/strong> <\/span>umfasst die Aspekte Gesundheit, K\u00f6rper und Bewegung<\/p>\n<p style=\"padding-left: 30px;\"><span style=\"color: #286961;\"><strong>Sozial-emotionale und kognitive Bildung<\/strong><\/span> umfasst die Beziehungen untereinander, wie wir Gef\u00fchle erleben und verarbeiten, das wir uns gegenseitig sch\u00e4tzen, vertrauen und achten und auch religi\u00f6se Traditionen entdecken.<\/p>\n<p style=\"padding-left: 30px;\"><span style=\"color: #286961;\"><strong>Sprachlich-kommunikative Bildung<\/strong> <\/span>umfasst die Kommunikation und Sprache, um sich miteinander zu verst\u00e4ndigen, auszudr\u00fccken und mitzuteilen, anderen zuzuh\u00f6ren und sie zu verstehen.<\/p>\n<p style=\"padding-left: 30px;\"><span style=\"color: #286961;\"><strong>Musisch-k\u00fcnstlerische Bildung<\/strong><\/span> (\u00c4sthetische Bildung) umfasst die M\u00f6glichkeit dem \u201eEindruck einen Ausdruck\u201c zu geben und mit verschiedenen Mitteln und Methoden, die Sinneseindr\u00fccke umzusetzen, ihnen Gestalt zu geben durch Musik, Tanz, Theater, bildnerisches Gestalten usw.<\/p>\n<p style=\"padding-left: 30px;\"><span style=\"color: #286961;\"><strong>Naturwissenschaftliche Bildung<\/strong> <\/span>umfasst die Bereiche Natur, \u00d6kologie und Technik. Hierbei gilt es der Natur mit offenen Augen zu begegnen und die verschiedenen Dinge zu untersuchen, auszuprobieren und zu entdecken.<\/p>\n<p style=\"padding-left: 30px;\"><span style=\"color: #286961;\"><strong>Mathematische Bildung<\/strong><\/span> umfasst das Entdecken von Regelm\u00e4\u00dfigkeiten, das Ordnen, das Sortieren nach bestimmten Merkmalen, Muster entdecken und zuordnen, Mengen, Gewichte, L\u00e4ngen, Zahlen und Formen, die Orientierung im Raum sowie die zeitliche Ordnung.<\/p>\n<p style=\"padding-left: 30px; text-align: center;\"><a href=\"https:\/\/tagesmutter-untermregenbogen.de\/?page_id=51\">Zur\u00fcck<\/a><\/p>\n","protected":false},"excerpt":{"rendered":"<p>Im Mittelpunkt meiner Arbeit steht der individuelle Weg eines jeden Kindes, sich mit der Welt auseinanderzusetzen. Das Kind ist Gestalter seiner eigenen Entwicklung und Konstrukteur seiner Lebenswelt mit Recht auf Bildung, Erziehung und Betreuung. Die p\u00e4dagogische Grundlage meiner Arbeit ist <span class=\"excerpt-dots\">&hellip;<\/span> <a class=\"more-link\" href=\"https:\/\/tagesmutter-untermregenbogen.de\/?page_id=55\"><span class=\"more-msg\">Weiterlesen &rarr;<\/span><\/a><\/p>\n","protected":false},"author":1,"featured_media":0,"parent":0,"menu_order":0,"comment_status":"closed","ping_status":"closed","template":"","meta":{"footnotes":""},"class_list":["post-55","page","type-page","status-publish","hentry"],"_links":{"self":[{"href":"https:\/\/tagesmutter-untermregenbogen.de\/index.php?rest_route=\/wp\/v2\/pages\/55","targetHints":{"allow":["GET"]}}],"collection":[{"href":"https:\/\/tagesmutter-untermregenbogen.de\/index.php?rest_route=\/wp\/v2\/pages"}],"about":[{"href":"https:\/\/tagesmutter-untermregenbogen.de\/index.php?rest_route=\/wp\/v2\/types\/page"}],"author":[{"embeddable":true,"href":"https:\/\/tagesmutter-untermregenbogen.de\/index.php?rest_route=\/wp\/v2\/users\/1"}],"replies":[{"embeddable":true,"href":"https:\/\/tagesmutter-untermregenbogen.de\/index.php?rest_route=%2Fwp%2Fv2%2Fcomments&post=55"}],"version-history":[{"count":5,"href":"https:\/\/tagesmutter-untermregenbogen.de\/index.php?rest_route=\/wp\/v2\/pages\/55\/revisions"}],"predecessor-version":[{"id":322,"href":"https:\/\/tagesmutter-untermregenbogen.de\/index.php?rest_route=\/wp\/v2\/pages\/55\/revisions\/322"}],"wp:attachment":[{"href":"https:\/\/tagesmutter-untermregenbogen.de\/index.php?rest_route=%2Fwp%2Fv2%2Fmedia&parent=55"}],"curies":[{"name":"wp","href":"https:\/\/api.w.org\/{rel}","templated":true}]}}