{"id":53,"date":"2018-08-04T14:43:41","date_gmt":"2018-08-04T14:43:41","guid":{"rendered":"http:\/\/tagesmutter-untermregenbogen.de\/?page_id=53"},"modified":"2020-06-14T15:18:06","modified_gmt":"2020-06-14T15:18:06","slug":"leitbild","status":"publish","type":"page","link":"https:\/\/tagesmutter-untermregenbogen.de\/?page_id=53","title":{"rendered":"Leitbild"},"content":{"rendered":"\n<div class=\"wp-block-wvrblocks-imgtext alignnone flex-dir-row\" style=\"background-color:transparent;border-color:transparent;margin-bottom:1.5em;background-image:none;min-height:150px;padding-top:0em;padding-bottom:0em;padding-left:0em;padding-right:0em;width:auto\"><div class=\"wvrblocks-imgtext__image wvrblocks-imgtext__shape-original-smaller\" style=\"text-align:center;width:50%\"><img decoding=\"async\" src=\"https:\/\/tagesmutter-untermregenbogen.de\/wp-content\/uploads\/2020\/06\/Tagesmutter-Chemnitz.jpg\" alt=\"\" style=\"margin-top:0%\"\/><\/div><div class=\"wvrblocks-imgtext__descriptions\" style=\"width:50%;text-align:left\"><div class=\"wvrblocks-imgtext__descTop\"><div style=\"color:#641515;font-size:100%;margin-left:0%;margin-top:0%\"><br\/><strong>Wer den Regenbogen sieht<\/strong><br\/><strong>durch die bunte Br\u00fccke zieht<\/strong><br\/><strong>f\u00fcr den ist der Tag so sch\u00f6n und voller Wunder.<\/strong><br\/><br\/><strong>Wer die sieben Farben kennt<\/strong><br\/><strong>und sie recht beim Namen nennt<\/strong><br\/><strong>f\u00fcr den kommt der Regenbogen bisschen runter.<\/strong><br\/><br\/><strong>Rot, Orange, Gelb und Gr\u00fcn sind im Regenbogen drin<\/strong><br\/><strong>Blau und Indigo geht\u00b4s weiter auf der Regenbogenleiter<\/strong><br\/><strong>und dann kommt das Violett sieben Farben sind komplett.<\/strong><br\/><\/div><\/div><div class=\"wvrblocks-imgtext__descMid\"><div style=\"color:#641515;font-size:100%;margin-left:1%;margin-top:1%\"><br\/>(Regenbogenlied von Reinhard Lakomy)<\/div><\/div><\/div><\/div>\n\n\n<p style=\"text-align: center;\">\n<\/p><p style=\"padding-left: 30px;\">Der Regenbogen mit seinen sieben Farben ist wie eine Leiter zum Lernerfolg. Die Reihenfolge der Farben muss man genauso lernen, wie unz\u00e4hlige Dinge, die unsere vielf\u00e4ltige Umwelt pr\u00e4gen. Die Br\u00fccke der Farben wird gespannt von der Neugier und dem Forscherdrang unserer Kinder, welche auch immer wieder auf kleine Misserfolge beruhen. Ich vergleiche dies mit dem Regen. Die Kinder lernen aber viel daraus und probieren immer und immer wieder und gewinnen so St\u00fcck f\u00fcr St\u00fcck ihre Erfahrungen und F\u00e4higkeiten bis sie ihren Erfolg erreicht haben. Die Sonne scheint mit jedem mal mehr und als Belohnung ist ein Regenbogen gespannt.<\/p>\n<p style=\"padding-left: 30px;\">Diese Neugier und den Forscherdrang unserer Kinder m\u00f6chte ich begleiten und unterst\u00fctzen und gemeinsam mit den Kindern durch die bunte Br\u00fccke ziehen und viele Erfolgswunder unter einem gespannten Regenbogen feiern.<\/p>\n<p style=\"text-align: center;\"><a href=\"https:\/\/tagesmutter-untermregenbogen.de\/?page_id=51\">Zur\u00fcck<\/a><\/p>","protected":false},"excerpt":{"rendered":"<p>Der Regenbogen mit seinen sieben Farben ist wie eine Leiter zum Lernerfolg. Die Reihenfolge der Farben muss man genauso lernen, wie unz\u00e4hlige Dinge, die unsere vielf\u00e4ltige Umwelt pr\u00e4gen. Die Br\u00fccke der Farben wird gespannt von der Neugier und dem Forscherdrang <span class=\"excerpt-dots\">&hellip;<\/span> <a class=\"more-link\" href=\"https:\/\/tagesmutter-untermregenbogen.de\/?page_id=53\"><span class=\"more-msg\">Weiterlesen &rarr;<\/span><\/a><\/p>\n","protected":false},"author":1,"featured_media":0,"parent":0,"menu_order":0,"comment_status":"closed","ping_status":"closed","template":"","meta":{"footnotes":""},"class_list":["post-53","page","type-page","status-publish","hentry"],"_links":{"self":[{"href":"https:\/\/tagesmutter-untermregenbogen.de\/index.php?rest_route=\/wp\/v2\/pages\/53","targetHints":{"allow":["GET"]}}],"collection":[{"href":"https:\/\/tagesmutter-untermregenbogen.de\/index.php?rest_route=\/wp\/v2\/pages"}],"about":[{"href":"https:\/\/tagesmutter-untermregenbogen.de\/index.php?rest_route=\/wp\/v2\/types\/page"}],"author":[{"embeddable":true,"href":"https:\/\/tagesmutter-untermregenbogen.de\/index.php?rest_route=\/wp\/v2\/users\/1"}],"replies":[{"embeddable":true,"href":"https:\/\/tagesmutter-untermregenbogen.de\/index.php?rest_route=%2Fwp%2Fv2%2Fcomments&post=53"}],"version-history":[{"count":10,"href":"https:\/\/tagesmutter-untermregenbogen.de\/index.php?rest_route=\/wp\/v2\/pages\/53\/revisions"}],"predecessor-version":[{"id":1029,"href":"https:\/\/tagesmutter-untermregenbogen.de\/index.php?rest_route=\/wp\/v2\/pages\/53\/revisions\/1029"}],"wp:attachment":[{"href":"https:\/\/tagesmutter-untermregenbogen.de\/index.php?rest_route=%2Fwp%2Fv2%2Fmedia&parent=53"}],"curies":[{"name":"wp","href":"https:\/\/api.w.org\/{rel}","templated":true}]}}