{"id":51,"date":"2018-08-04T14:43:30","date_gmt":"2018-08-04T14:43:30","guid":{"rendered":"http:\/\/tagesmutter-untermregenbogen.de\/?page_id=51"},"modified":"2020-06-14T19:27:26","modified_gmt":"2020-06-14T19:27:26","slug":"konzept","status":"publish","type":"page","link":"https:\/\/tagesmutter-untermregenbogen.de\/?page_id=51","title":{"rendered":"Konzept"},"content":{"rendered":"\n<div class=\"wp-block-wvrblocks-imgtext use-mobile-columns alignnone flex-dir-row wvrblocks-imgtext__has-bg\" style=\"background-color:transparent;border-color:transparent;margin-bottom:1.5em;background-image:url(https:\/\/tagesmutter-untermregenbogen.de\/wp-content\/uploads\/2020\/06\/Regenbogen-Konzept.png);min-height:150px;padding-top:0em;padding-bottom:0em;padding-left:0em;padding-right:0em;width:auto\"><div class=\"wvrblocks-imgtext__image wvrblocks-imgtext__shape-original\" style=\"text-align:center;width:43%\"><\/div><div class=\"wvrblocks-imgtext__descriptions\" style=\"width:57%;text-align:left\"><div class=\"wvrblocks-imgtext__descTop\"><div style=\"color:#222222;font-size:100%;margin-left:0%;margin-top:0%\">Ich m\u00f6chte die mir anvertrauten Kinder liebevoll und familienerg\u00e4nzend bilden, erziehen und betreuen in einer geborgenen und vertrauensvollen Atmosph\u00e4re, in der sich ihr Kind wohlf\u00fchlt, frei entfalten kann und die Umwelt St\u00fcck f\u00fcr St\u00fcck selbstst\u00e4ndig kennenlernen kann.<br\/><br\/>Daf\u00fcr schaffe ich die Bedingungen durch eine anregungsreiche, familiennahe Lernatmosph\u00e4re und Lernumgebung, in der mit allen Sinnen die Wahrnehmung im Alltag gef\u00f6rdert wird, es viel zu begreifen und auszuprobieren gibt. F\u00f6rdernd dabei ist die kleine Gruppe bis zu 4 Kindern.<br\/><br\/>Da sie als Eltern die Hauptbezugspersonen ihres Kindes sind und sie auch den gr\u00f6\u00dften Teil der Erziehungsarbeit leisten, ist die Zusammenarbeit f\u00fcr mich von sehr gro\u00dfer Bedeutung. Mir ist eine vertrauensvolle partnerschaftliche Basis auf gleicher Augenh\u00f6he sehr wichtig.<br\/><br\/>Jederzeit k\u00f6nnen Sie ein aktuelles Exemplar der ausf\u00fchrlichen p\u00e4dagogischen Konzeption mit allen Inhalten und Grundlagen meiner Arbeit in meiner Einrichtung einsehen.<br\/><br\/>Gern bin ich auch bereit, Ihnen diese in einem pers\u00f6nlichen Gespr\u00e4ch vorzustellen.<\/div><\/div><\/div><\/div>\n\n\n\n<div class=\"wp-block-wvrblocks-imgcols align_none wvrblocks-imgcols__has-4 wvrblocks-imgcols__shape-original\" style=\"background-color:transparent;border-color:transparent;text-align:center;margin-bottom:0.5em;width:auto\"><div class=\"wvrblocks-imgcols__column wvrblocks-imgcols__column-one\" style=\"background-color:#cf2e2e\"><div class=\"wvrblocks-imgcols__image\"><figure class=\"wvrblocks-imgcols__img1\"><div class=\"wvrblocks-imgcols__column-image\"><img decoding=\"async\" src=\"https:\/\/tagesmutter-untermregenbogen.de\/wp-content\/uploads\/2020\/06\/Wachs-Mdu.jpg\"\/><\/div><\/figure><\/div><div class=\"wvrblocks-imgcols__text\"><div class=\"wvrblocks-imgcols__title\"><h4 style=\"color:#222222;font-size:130%\"><a href=\"https:\/\/tagesmutter-untermregenbogen.de\/?page_id=53(\u00f6ffnet in neuem Tab)\">Leitbild<\/a><br\/><\/h4><\/div><div class=\"wvrblocks-imgcols__desc\"><p style=\"color:#333333;font-size:100%\">Wer den Regenbogen sieht, <br\/>durch die bunte Br\u00fccke zieht <br\/>f\u00fcr den ist der Tag so sch\u00f6n<br\/> und voller Wunder.<\/p><\/div><\/div><\/div><div class=\"wvrblocks-imgcols__column wvrblocks-imgcols__column-two\" style=\"background-color:#ff6900\"><div class=\"wvrblocks-imgcols__image\"><figure class=\"wvrblocks-imgcols__img2\"><div class=\"wvrblocks-imgcols__column-image\"><img decoding=\"async\" src=\"https:\/\/tagesmutter-untermregenbogen.de\/wp-content\/uploads\/2020\/06\/Rasierschaum.jpg\"\/><\/div><\/figure><\/div><div class=\"wvrblocks-imgcols__text\"><div class=\"wvrblocks-imgcols__title\"><h4 style=\"color:#222222;font-size:130%\"><a href=\"https:\/\/tagesmutter-untermregenbogen.de\/?page_id=55\">S\u00e4chsischer Bildungsplan<\/a><\/h4><\/div><div class=\"wvrblocks-imgcols__desc2\"><p style=\"color:#333333;font-size:100%\">Im Mittelpunkt meiner Arbeit steht der individuelle Weg eines jeden Kindes, sich mit der Welt auseinanderzusetzen.<\/p><\/div><\/div><\/div><div class=\"wvrblocks-imgcols__column wvrblocks-imgcols__column-three\" style=\"background-color:#f2bc00\"><div class=\"wvrblocks-imgcols__image\"><figure class=\"wvrblocks-imgcols__img3\"><div class=\"wvrblocks-imgcols__column-image\"><img decoding=\"async\" src=\"https:\/\/tagesmutter-untermregenbogen.de\/wp-content\/uploads\/2020\/06\/H\u00e4nde.jpg\"\/><\/div><\/figure><\/div><div class=\"wvrblocks-imgcols__text\"><div class=\"wvrblocks-imgcols__title\"><h4 style=\"color:#222222;font-size:130%\"><a href=\"https:\/\/tagesmutter-untermregenbogen.de\/?page_id=57\">Eingew\u00f6hnung<\/a><br\/><\/h4><\/div><div class=\"wvrblocks-imgcols__desc2\"><p style=\"color:#333333;font-size:100%\">&#8222;Ohne Eltern geht es nicht&#8220; &#8211; nach diesem Motto m\u00f6chte ich die Eingew\u00f6hnung ihres Kindes individuelle unterst\u00fctzen.<\/p><\/div><\/div><\/div><div class=\"wvrblocks-imgcols__column wvrblocks-imgcols__column-four\" style=\"background-color:#1bb525\"><div class=\"wvrblocks-imgcols__image\"><figure class=\"wvrblocks-imgcols__img4\"><div class=\"wvrblocks-imgcols__column-image\"><img decoding=\"async\" src=\"https:\/\/tagesmutter-untermregenbogen.de\/wp-content\/uploads\/2020\/06\/Bagger.jpg\"\/><\/div><\/figure><\/div><div class=\"wvrblocks-imgcols__text\"><div class=\"wvrblocks-imgcols__title\"><h4 style=\"color:#222222;font-size:130%\"><a href=\"https:\/\/tagesmutter-untermregenbogen.de\/?page_id=49\">Tagesablauf<\/a><\/h4><\/div><div class=\"wvrblocks-imgcols__desc4\"><p style=\"color:#333333;font-size:100%\">Der Tagesablauf gestaltet sich flexibel. Dabei finden Bildungsangebote, Bewegung und Ruhephasen ihren Platz.<\/p><\/div><\/div><\/div><\/div>\n\n\n<p style=\"text-align: center;\"><a href=\"https:\/\/tagesmutter-untermregenbogen.de\/\">Zur\u00fcck<\/a><\/p>","protected":false},"excerpt":{"rendered":"<p>Zur\u00fcck<\/p>\n <a class=\"more-link\" href=\"https:\/\/tagesmutter-untermregenbogen.de\/?page_id=51\"><span class=\"more-msg\">Weiterlesen &rarr;<\/span><\/a>","protected":false},"author":1,"featured_media":0,"parent":0,"menu_order":0,"comment_status":"closed","ping_status":"closed","template":"","meta":{"footnotes":""},"class_list":["post-51","page","type-page","status-publish","hentry"],"_links":{"self":[{"href":"https:\/\/tagesmutter-untermregenbogen.de\/index.php?rest_route=\/wp\/v2\/pages\/51","targetHints":{"allow":["GET"]}}],"collection":[{"href":"https:\/\/tagesmutter-untermregenbogen.de\/index.php?rest_route=\/wp\/v2\/pages"}],"about":[{"href":"https:\/\/tagesmutter-untermregenbogen.de\/index.php?rest_route=\/wp\/v2\/types\/page"}],"author":[{"embeddable":true,"href":"https:\/\/tagesmutter-untermregenbogen.de\/index.php?rest_route=\/wp\/v2\/users\/1"}],"replies":[{"embeddable":true,"href":"https:\/\/tagesmutter-untermregenbogen.de\/index.php?rest_route=%2Fwp%2Fv2%2Fcomments&post=51"}],"version-history":[{"count":49,"href":"https:\/\/tagesmutter-untermregenbogen.de\/index.php?rest_route=\/wp\/v2\/pages\/51\/revisions"}],"predecessor-version":[{"id":1024,"href":"https:\/\/tagesmutter-untermregenbogen.de\/index.php?rest_route=\/wp\/v2\/pages\/51\/revisions\/1024"}],"wp:attachment":[{"href":"https:\/\/tagesmutter-untermregenbogen.de\/index.php?rest_route=%2Fwp%2Fv2%2Fmedia&parent=51"}],"curies":[{"name":"wp","href":"https:\/\/api.w.org\/{rel}","templated":true}]}}