{"id":5,"date":"2018-08-04T13:13:16","date_gmt":"2018-08-04T13:13:16","guid":{"rendered":"http:\/\/tagesmutter-untermregenbogen.de\/?page_id=5"},"modified":"2026-03-24T14:49:19","modified_gmt":"2026-03-24T14:49:19","slug":"startseite","status":"publish","type":"page","link":"https:\/\/tagesmutter-untermregenbogen.de\/","title":{"rendered":"Start"},"content":{"rendered":"\n<figure class=\"wp-block-video\"><video height=\"498\" style=\"aspect-ratio: 1600 \/ 498;\" width=\"1600\" autoplay controls loop muted src=\"https:\/\/tagesmutter-untermregenbogen.de\/wp-content\/uploads\/2026\/03\/15-Jahre-Ani.mp4\" playsinline><\/video><\/figure>\n\n\n<h6>\u00a0<\/h6>\n<h6 style=\"text-align: center;\"><strong>Tagesmutter unterm regenbogen<\/strong><\/h6>\n\n\n<p class=\"has-text-align-center has-text-color\" style=\"color:#1bb525;font-size:30px\"><strong>&#8222;Ich kann \u00fcber jedes einzelne Kind &#8211; nur staunen!&#8220;<\/strong>\u00a0<\/p>\n\n\n\n<hr class=\"wp-block-separator has-text-color has-cyan-bluish-gray-color has-alpha-channel-opacity has-cyan-bluish-gray-background-color has-background is-style-wide\"\/>\n\n\n\n<div class=\"wp-block-media-text has-media-on-the-right is-stacked-on-mobile\" style=\"grid-template-columns:auto 20%\"><div class=\"wp-block-media-text__content\">\n<div style=\"height:15px\" aria-hidden=\"true\" class=\"wp-block-spacer\"><\/div>\n\n\n\n<p><\/p>\n\n\n\n<p><\/p>\n\n\n\n<p>Tag f\u00fcr Tag und Nacht f\u00fcr Nacht k\u00fcmmern Sie sich ganz selbstverst\u00e4ndlich um ihr Kind.<br>Dabei wird jede H\u00fcrde gemeinsam gemeistert.<br><br>Nun ist es aber wieder an der Zeit, ins Berufsleben zur\u00fcckzukehren.<br><br>Um mit einem guten Gef\u00fchl zu starten, geh\u00f6rt eine zuverl\u00e4ssige und vertrauensvolle Betreuung Ihres Kindes an jedem Tag dazu.<br><br>Als qualifizierte Tagesmutter biete ich Ihnen in meiner Kindertagespflegestelle eine individuelle Betreuung in einer kleinen Gruppe bis max. 4 Kindern an.<br><br><br><br>Vielleicht lernen wir uns ja bald in einem pers\u00f6nlichen Gespr\u00e4ch kennen.<br><br>Vereinbaren Sie einfach einen unverbindlichen Kennlern-Termin mit mir.<\/p>\n\n\n\n<div style=\"height:20px\" aria-hidden=\"true\" class=\"wp-block-spacer\"><\/div>\n\n\n\n<p><\/p>\n<\/div><figure class=\"wp-block-media-text__media\"><img loading=\"lazy\" decoding=\"async\" width=\"300\" height=\"298\" src=\"https:\/\/tagesmutter-untermregenbogen.de\/wp-content\/uploads\/2025\/11\/Freie-Plaetze-ab-2027.png\" alt=\"\" class=\"wp-image-1002 size-full\" srcset=\"https:\/\/tagesmutter-untermregenbogen.de\/wp-content\/uploads\/2025\/11\/Freie-Plaetze-ab-2027.png 300w, https:\/\/tagesmutter-untermregenbogen.de\/wp-content\/uploads\/2025\/11\/Freie-Plaetze-ab-2027-150x150.png 150w\" sizes=\"auto, (max-width: 300px) 100vw, 300px\" \/><\/figure><\/div>\n\n\n\n<div class=\"wp-block-wvrblocks-imgcols align_none wvrblocks-imgcols__has-3 wvrblocks-imgcols__shape-original-smaller\" style=\"background-color:transparent;border-color:transparent;text-align:center;margin-bottom:0.5em;width:auto\"><div class=\"wvrblocks-imgcols__column wvrblocks-imgcols__column-one\" style=\"background-color:#8ed1fc\"><div class=\"wvrblocks-imgcols__image\"><figure class=\"wvrblocks-imgcols__img1\"><div class=\"wvrblocks-imgcols__column-image\"><img decoding=\"async\" src=\"https:\/\/tagesmutter-untermregenbogen.de\/wp-content\/uploads\/2023\/04\/LittleBird1.jpg\"\/><\/div><\/figure><\/div><div class=\"wvrblocks-imgcols__text\"><div class=\"wvrblocks-imgcols__desc\"><p style=\"color:#fcb900;font-size:110%\"><br\/><br\/><strong><a rel=\"noreferrer noopener\" href=\"https:\/\/portal.little-bird.de\/Suche\/Lichtenau\" target=\"_blank\">Zur Anmeldung f\u00fcr einen Betreuungsplatz<\/a><\/strong><br\/><br\/><a rel=\"noreferrer noopener\" href=\"https:\/\/portal.little-bird.de\/Suche\/Lichtenau\" target=\"_blank\"><strong>im Portal &#8222;LittleBird&#8220;<\/strong><\/a><\/p><\/div><\/div><\/div><div class=\"wvrblocks-imgcols__column wvrblocks-imgcols__column-two\" style=\"background-color:#ff6900\"><div class=\"wvrblocks-imgcols__image\"><figure class=\"wvrblocks-imgcols__img2\"><div class=\"wvrblocks-imgcols__column-image\"><img decoding=\"async\" src=\"https:\/\/tagesmutter-untermregenbogen.de\/wp-content\/uploads\/2023\/03\/Tagesmutter-Lichtenau-e1679237527106.png\"\/><\/div><\/figure><\/div><div class=\"wvrblocks-imgcols__text\"><div class=\"wvrblocks-imgcols__desc2\"><p style=\"color:#fcb900;font-size:110%\"><br\/><strong>08.05.2026 &#8211; Tag der offenen T\u00fcr anl\u00e4sslich des <\/strong><br\/><strong>15. Geburtstages unterm regenbogen<\/strong><br\/><strong><a href=\"https:\/\/tagesmutter-untermregenbogen.de\/wp-content\/uploads\/2024\/03\/TagderKindertagespfl24.png\" data-type=\"link\" data-id=\"https:\/\/tagesmutter-untermregenbogen.de\/wp-content\/uploads\/2024\/03\/TagderKindertagespfl24.png\" target=\"_blank\" rel=\"noreferrer noopener\"><br\/><\/a><\/strong><br\/><strong>Ab sofort k\u00f6nnt ihr mich auf Instagram verfolgen.<\/strong><br\/><strong>Seid neugierig und schaut unsere Aktivit\u00e4ten an.<br\/><br\/><br\/><\/strong><a href=\"https:\/\/tagesmutter-untermregenbogen.de\/wp-content\/uploads\/2023\/03\/Amtsblatt-01-23-Gemeinde-Lichtenau.pdf\" target=\"_blank\" rel=\"noreferrer noopener\"><strong>Interview mit der<\/strong> <strong>Fachberaterin f\u00fcr Kindertagespflege <br\/>der Gemeinde Lichtenau<br\/>Ver\u00f6ffentlichung im Amtsblatt 01\/2023<\/strong><br\/><\/a><strong><br\/><br\/>Ab Oktober 2022 koche ich<\/strong> <strong>jeden Tag <\/strong><br\/><strong>f\u00fcr die Kinder selbst<\/strong> <strong>ein frisches Mittagessen.<\/strong><\/p><\/div><\/div><\/div><div class=\"wvrblocks-imgcols__column wvrblocks-imgcols__column-three\" style=\"background-color:#cf2e2e\"><div class=\"wvrblocks-imgcols__image\"><figure class=\"wvrblocks-imgcols__img3\"><div class=\"wvrblocks-imgcols__column-image\"><img decoding=\"async\" src=\"https:\/\/tagesmutter-untermregenbogen.de\/wp-content\/uploads\/2023\/05\/Kindertagespflege-sebstverstaendlich1.jpg\"\/><\/div><\/figure><\/div><div class=\"wvrblocks-imgcols__text\"><div class=\"wvrblocks-imgcols__desc2\"><p style=\"color:#fcb900;font-size:110%\"><br\/>&#8211;> <a href=\"https:\/\/tagesmutter-untermregenbogen.de\/?page_id=939(\u00f6ffnet in neuem Tab)\"><strong>familiennah<\/strong><\/a><a href=\"https:\/\/tagesmutter-untermregenbogen.de\/wp-content\/uploads\/2023\/05\/familiennah.jpg\"><br\/><\/a><strong><br\/><br\/>&#8211;<\/strong>-> <a href=\"https:\/\/tagesmutter-untermregenbogen.de\/?page_id=945\"><strong>individuell<\/strong><\/a><br\/><strong><br\/><br\/>&#8211;<\/strong>-> <a href=\"https:\/\/tagesmutter-untermregenbogen.de\/?page_id=948\"><strong>professionell<\/strong><\/a><br\/><strong><br\/><br\/>&#8211;<\/strong>-> <a href=\"https:\/\/tagesmutter-untermregenbogen.de\/?page_id=951\"><strong>bezahlbar und sicher<\/strong><\/a><br\/><strong><br\/><br\/>&#8211;<\/strong>-> <a href=\"https:\/\/tagesmutter-untermregenbogen.de\/?page_id=954\"><strong>auch &#8230;<\/strong><\/a><strong><br\/><\/strong><\/p><\/div><\/div><\/div><div class=\"wvrblocks-imgcols__column wvrblocks-imgcols__column-four\" style=\"background-color:transparent\"><div class=\"wvrblocks-imgcols__text\"><\/div><\/div><\/div>\n","protected":false},"excerpt":{"rendered":"<p>\u00a0 Tagesmutter unterm regenbogen &#8222;Ich kann \u00fcber jedes einzelne Kind &#8211; nur staunen!&#8220;\u00a0<\/p>\n <a class=\"more-link\" href=\"https:\/\/tagesmutter-untermregenbogen.de\/\"><span class=\"more-msg\">Weiterlesen &rarr;<\/span><\/a>","protected":false},"author":1,"featured_media":0,"parent":0,"menu_order":0,"comment_status":"closed","ping_status":"closed","template":"","meta":{"footnotes":""},"class_list":["post-5","page","type-page","status-publish","hentry"],"_links":{"self":[{"href":"https:\/\/tagesmutter-untermregenbogen.de\/index.php?rest_route=\/wp\/v2\/pages\/5","targetHints":{"allow":["GET"]}}],"collection":[{"href":"https:\/\/tagesmutter-untermregenbogen.de\/index.php?rest_route=\/wp\/v2\/pages"}],"about":[{"href":"https:\/\/tagesmutter-untermregenbogen.de\/index.php?rest_route=\/wp\/v2\/types\/page"}],"author":[{"embeddable":true,"href":"https:\/\/tagesmutter-untermregenbogen.de\/index.php?rest_route=\/wp\/v2\/users\/1"}],"replies":[{"embeddable":true,"href":"https:\/\/tagesmutter-untermregenbogen.de\/index.php?rest_route=%2Fwp%2Fv2%2Fcomments&post=5"}],"version-history":[{"count":139,"href":"https:\/\/tagesmutter-untermregenbogen.de\/index.php?rest_route=\/wp\/v2\/pages\/5\/revisions"}],"predecessor-version":[{"id":1034,"href":"https:\/\/tagesmutter-untermregenbogen.de\/index.php?rest_route=\/wp\/v2\/pages\/5\/revisions\/1034"}],"wp:attachment":[{"href":"https:\/\/tagesmutter-untermregenbogen.de\/index.php?rest_route=%2Fwp%2Fv2%2Fmedia&parent=5"}],"curies":[{"name":"wp","href":"https:\/\/api.w.org\/{rel}","templated":true}]}}