{"id":46,"date":"2018-08-04T14:42:31","date_gmt":"2018-08-04T14:42:31","guid":{"rendered":"http:\/\/tagesmutter-untermregenbogen.de\/?page_id=46"},"modified":"2026-03-24T14:29:22","modified_gmt":"2026-03-24T14:29:22","slug":"betreuungszeiten-kosten","status":"publish","type":"page","link":"https:\/\/tagesmutter-untermregenbogen.de\/?page_id=46","title":{"rendered":"Betreuungszeiten\/ Kosten"},"content":{"rendered":"\n<div class=\"wp-block-wvrblocks-imgcols align_none wvrblocks-imgcols__has-3 wvrblocks-imgcols__shape-original\" style=\"background-color:transparent;border-color:transparent;text-align:left;margin-bottom:0.5em;width:auto\"><div class=\"wvrblocks-imgcols__column wvrblocks-imgcols__column-one\" style=\"background-color:transparent\"><div class=\"wvrblocks-imgcols__text\"><div class=\"wvrblocks-imgcols__title\"><h4 style=\"color:#222222;font-size:150%\"><strong>Betreuungszeiten<\/strong><\/h4><\/div><div class=\"wvrblocks-imgcols__desc\"><p style=\"color:#333333;font-size:100%\">Im Rahmen des Bedarfsplanes der Gemeinde Lichtenau biete ich eine t\u00e4gliche Betreuung von 4\u00bd, 6, 7, 8 oder 9 Stunden an.<br\/><br\/>Die von Ihnen ben\u00f6tigte Betreuungszeit kann individuell in meiner Kern\u00f6ffnungszeit von 07.00 bis 16.30 Uhr gelegt werden.<br\/><br\/>Die Kinder, die zu Hause fr\u00fchst\u00fccken kommen bis sp\u00e4testens 08.45 Uhr, um eine gemeinsame Zeit im Morgenkreis ungest\u00f6rt durchf\u00fchren zu k\u00f6nnen.<br\/><br\/>Eine Abholung ist w\u00e4hrend der Mittagsruhe (11.45 Uhr- 14.30 Uhr) nicht erw\u00fcnscht, um die notwendige Ruhe und Entspannung den Kindern zu gew\u00e4hrleisten. Im Krankheitsfall ist eine Abholung jederzeit m\u00f6glich.<br\/><br\/><\/p><\/div><\/div><\/div><div class=\"wvrblocks-imgcols__column wvrblocks-imgcols__column-two\" style=\"background-color:transparent\"><div class=\"wvrblocks-imgcols__text\"><div class=\"wvrblocks-imgcols__title\"><h4 style=\"color:#222222;font-size:150%\"><strong>Kosten<\/strong><\/h4><\/div><div class=\"wvrblocks-imgcols__desc2\"><p style=\"color:#333333;font-size:100%\">Da ich im Bedarfsplan der Gemeinde Lichtenau aufgenommen bin, wird f\u00fcr die Betreuung ein Elternbeitrag laut der jeweils g\u00fcltigen \u201eSatzung \u00fcber die Benutzung der kommunalen Kindereinrichtungen und die Erhebung von Elternbeitr\u00e4gen\u201c der Gemeinde Lichtenau erhoben. Den Kostenbescheid daf\u00fcr erhalten Sie als Eltern direkt von der Gemeinde Lichtenau.<br\/><br\/>F\u00fcr Mittag und Vesper wird von mir gesondert eine Verpflegungspauschale berechnet, ebenso f\u00fcr zus\u00e4tzliche Stunden au\u00dferhalb der vereinbarten Betreuungszeit.<br\/><br\/>Pflegeprodukte wie Windeln, Feuchtt\u00fccher oder Cremes werden von den Eltern zur Verf\u00fcgung gestellt.<\/p><\/div><\/div><\/div><div class=\"wvrblocks-imgcols__column wvrblocks-imgcols__column-three\" style=\"background-color:transparent\"><div class=\"wvrblocks-imgcols__text\"><div class=\"wvrblocks-imgcols__title\"><h4 style=\"color:#222222;font-size:150%\"><strong>Vertretung bei Krankheit<\/strong><\/h4><\/div><div class=\"wvrblocks-imgcols__desc2\"><p style=\"color:#333333;font-size:100%\">Im Fall von Krankheit oder au\u00dfergew\u00f6hnlichen Vorkommnissen wird eine Betreuung in der Kita \u201eZwergenland\u201c gew\u00e4hrt. Dies wird durch eine Kooperationsvereinbarung geregelt.<br\/><br\/>Jeden 1. Donnerstag im Monat findet daf\u00fcr ein Kennlern-Nachmittag mit den Erzieherinnen der Kita &#8222;Zwergenland&#8220; statt.<\/p><\/div><\/div><\/div><div class=\"wvrblocks-imgcols__column wvrblocks-imgcols__column-four\" style=\"background-color:transparent\"><div class=\"wvrblocks-imgcols__text\"><\/div><\/div><\/div>\n\n\n\n<div class=\"wp-block-wvrblocks-imgcols align_none wvrblocks-imgcols__has-3 wvrblocks-imgcols__shape-original\" style=\"background-color:transparent;border-color:transparent;text-align:left;margin-bottom:0.5em;width:auto\"><div class=\"wvrblocks-imgcols__column wvrblocks-imgcols__column-one\" style=\"background-color:transparent\"><div class=\"wvrblocks-imgcols__text\"><div class=\"wvrblocks-imgcols__title\"><h4 style=\"color:#222222;font-size:150%\"><strong>Urlaubs- und Schlie\u00dftage <\/strong>(max. 30 Tage)<\/h4><\/div><div class=\"wvrblocks-imgcols__desc\"><p style=\"color:#333333;font-size:100%\">Tag nach Himmelfahrt<br\/><br\/>Tage zwischen Feiertagen und Wochenenden (Br\u00fcckentage)<br\/><br\/>mindestens zwei Wochen in den Sommerferien (Ferienplan f\u00fcr Sachsen)<br\/><br\/>eine Woche in den Oktoberferien (Ferienplan f\u00fcr Sachsen)<br\/><br\/>Weihnachtsurlaub angepasst an die Weihnachtsferien in Sachsen<br\/><br\/>sowie alle gesetzlichen Feiertage des Freistaates Sachsen<\/p><\/div><\/div><\/div><div class=\"wvrblocks-imgcols__column wvrblocks-imgcols__column-two\" style=\"background-color:transparent\"><div class=\"wvrblocks-imgcols__text\"><div class=\"wvrblocks-imgcols__title\"><h4 style=\"color:#222222;font-size:150%\"><strong>Fortbildung<\/strong><\/h4><\/div><div class=\"wvrblocks-imgcols__desc2\"><p style=\"color:#333333;font-size:100%\">Meine j\u00e4hrlichen Fortbildungen versuche ich au\u00dferhalb der \u00d6ffnungszeiten zu absolvieren.<br\/><br\/>Dennoch kann es vorkommen, dass es an 2-4 Nachmittagen pro Jahr eine verk\u00fcrzte \u00d6ffnungszeit auf Grund von Fortbildungen geben kann.<br\/><\/p><\/div><\/div><\/div><div class=\"wvrblocks-imgcols__column wvrblocks-imgcols__column-three\" style=\"background-color:transparent\"><div class=\"wvrblocks-imgcols__text\"><\/div><\/div><div class=\"wvrblocks-imgcols__column wvrblocks-imgcols__column-four\" style=\"background-color:transparent\"><div class=\"wvrblocks-imgcols__text\"><\/div><\/div><\/div>\n\n\n<p style=\"text-align: center;\"><a href=\"https:\/\/tagesmutter-untermregenbogen.de\/\">Zur\u00fcck<\/a><\/p>","protected":false},"excerpt":{"rendered":"<p>Zur\u00fcck<\/p>\n <a class=\"more-link\" href=\"https:\/\/tagesmutter-untermregenbogen.de\/?page_id=46\"><span class=\"more-msg\">Weiterlesen &rarr;<\/span><\/a>","protected":false},"author":1,"featured_media":0,"parent":0,"menu_order":0,"comment_status":"closed","ping_status":"closed","template":"","meta":{"footnotes":""},"class_list":["post-46","page","type-page","status-publish","hentry"],"_links":{"self":[{"href":"https:\/\/tagesmutter-untermregenbogen.de\/index.php?rest_route=\/wp\/v2\/pages\/46","targetHints":{"allow":["GET"]}}],"collection":[{"href":"https:\/\/tagesmutter-untermregenbogen.de\/index.php?rest_route=\/wp\/v2\/pages"}],"about":[{"href":"https:\/\/tagesmutter-untermregenbogen.de\/index.php?rest_route=\/wp\/v2\/types\/page"}],"author":[{"embeddable":true,"href":"https:\/\/tagesmutter-untermregenbogen.de\/index.php?rest_route=\/wp\/v2\/users\/1"}],"replies":[{"embeddable":true,"href":"https:\/\/tagesmutter-untermregenbogen.de\/index.php?rest_route=%2Fwp%2Fv2%2Fcomments&post=46"}],"version-history":[{"count":17,"href":"https:\/\/tagesmutter-untermregenbogen.de\/index.php?rest_route=\/wp\/v2\/pages\/46\/revisions"}],"predecessor-version":[{"id":1021,"href":"https:\/\/tagesmutter-untermregenbogen.de\/index.php?rest_route=\/wp\/v2\/pages\/46\/revisions\/1021"}],"wp:attachment":[{"href":"https:\/\/tagesmutter-untermregenbogen.de\/index.php?rest_route=%2Fwp%2Fv2%2Fmedia&parent=46"}],"curies":[{"name":"wp","href":"https:\/\/api.w.org\/{rel}","templated":true}]}}