{"id":41,"date":"2018-08-04T14:40:20","date_gmt":"2018-08-04T14:40:20","guid":{"rendered":"http:\/\/tagesmutter-untermregenbogen.de\/?page_id=41"},"modified":"2026-03-24T14:28:26","modified_gmt":"2026-03-24T14:28:26","slug":"innenbereich","status":"publish","type":"page","link":"https:\/\/tagesmutter-untermregenbogen.de\/?page_id=41","title":{"rendered":"Innenbereich"},"content":{"rendered":"\n<div class=\"wp-block-media-text is-stacked-on-mobile\" style=\"grid-template-columns:22% auto\"><figure class=\"wp-block-media-text__media\"><video controls src=\"https:\/\/tagesmutter-untermregenbogen.de\/wp-content\/uploads\/2026\/03\/Neues-Lernen-in-neuen-Raeumen-1.mp4\"><\/video><\/figure><div class=\"wp-block-media-text__content\">\n<p>Meine Wohnung befindet sich im Erdgeschoss meines Mehrfamilienhauses. Diese besteht aus:<\/p>\n\n\n\n<p>\u2022\u00a0\u00a0 \u00a0<strong>einen Gruppenraum<\/strong> &#8211; mit vielen Spielm\u00f6glichkeiten, einem Kletterturm, einer H\u00f6hle mit Kinderk\u00fcche, Kuschelecke, Forscher- und Entdeckerbereich, Kreativecke &#8211;\u00a0 alles direkt unter einem Regenbogen<\/p>\n\n\n\n<p>\u2022&nbsp;&nbsp; &nbsp;<strong>ein Bad<\/strong> &#8211; mit kindgerechter Waschm\u00f6glichkeit und T\u00f6pfchen<\/p>\n\n\n\n<p>\u2022&nbsp; &nbsp;<strong>einen Schlafraum<\/strong> &#8211; f\u00fcr die n\u00f6tige Erholung und Entspannung<\/p>\n\n\n\n<p>&nbsp;\u2022&nbsp;&nbsp; <strong>eine kleine K\u00fcche<\/strong> mit Essplatz &#8211; f\u00fcr das leibliche Wohl<\/p>\n\n\n\n<p>\u2022&nbsp;&nbsp; &nbsp;<strong>einen sonnenbeleuchteten kleinen Vorraum<\/strong>&nbsp; &#8211; zum An- und Ausziehen f\u00fcr unsere Entdeckungen im Freien<\/p>\n<\/div><\/div>\n\n\n<p style=\"padding-left: 30px;\">\u00a0<\/p>\n<p style=\"text-align: center;\"><a href=\"https:\/\/tagesmutter-untermregenbogen.de\/?page_id=37\">Zur\u00fcck<\/a><\/p>","protected":false},"excerpt":{"rendered":"<p>Meine Wohnung befindet sich im Erdgeschoss meines Mehrfamilienhauses. Diese besteht aus: \u2022\u00a0\u00a0 \u00a0einen Gruppenraum &#8211; mit vielen Spielm\u00f6glichkeiten, einem Kletterturm, einer H\u00f6hle mit Kinderk\u00fcche, Kuschelecke, Forscher- und Entdeckerbereich, Kreativecke &#8211;\u00a0 alles direkt unter einem Regenbogen \u2022&nbsp;&nbsp; &nbsp;ein Bad &#8211; mit <span class=\"excerpt-dots\">&hellip;<\/span> <a class=\"more-link\" href=\"https:\/\/tagesmutter-untermregenbogen.de\/?page_id=41\"><span class=\"more-msg\">Weiterlesen &rarr;<\/span><\/a><\/p>\n","protected":false},"author":1,"featured_media":0,"parent":0,"menu_order":0,"comment_status":"closed","ping_status":"closed","template":"","meta":{"footnotes":""},"class_list":["post-41","page","type-page","status-publish","hentry"],"_links":{"self":[{"href":"https:\/\/tagesmutter-untermregenbogen.de\/index.php?rest_route=\/wp\/v2\/pages\/41","targetHints":{"allow":["GET"]}}],"collection":[{"href":"https:\/\/tagesmutter-untermregenbogen.de\/index.php?rest_route=\/wp\/v2\/pages"}],"about":[{"href":"https:\/\/tagesmutter-untermregenbogen.de\/index.php?rest_route=\/wp\/v2\/types\/page"}],"author":[{"embeddable":true,"href":"https:\/\/tagesmutter-untermregenbogen.de\/index.php?rest_route=\/wp\/v2\/users\/1"}],"replies":[{"embeddable":true,"href":"https:\/\/tagesmutter-untermregenbogen.de\/index.php?rest_route=%2Fwp%2Fv2%2Fcomments&post=41"}],"version-history":[{"count":7,"href":"https:\/\/tagesmutter-untermregenbogen.de\/index.php?rest_route=\/wp\/v2\/pages\/41\/revisions"}],"predecessor-version":[{"id":1020,"href":"https:\/\/tagesmutter-untermregenbogen.de\/index.php?rest_route=\/wp\/v2\/pages\/41\/revisions\/1020"}],"wp:attachment":[{"href":"https:\/\/tagesmutter-untermregenbogen.de\/index.php?rest_route=%2Fwp%2Fv2%2Fmedia&parent=41"}],"curies":[{"name":"wp","href":"https:\/\/api.w.org\/{rel}","templated":true}]}}