{"id":32,"date":"2018-08-04T14:36:34","date_gmt":"2018-08-04T14:36:34","guid":{"rendered":"http:\/\/tagesmutter-untermregenbogen.de\/?page_id=32"},"modified":"2026-03-24T14:50:41","modified_gmt":"2026-03-24T14:50:41","slug":"ueber-mich","status":"publish","type":"page","link":"https:\/\/tagesmutter-untermregenbogen.de\/?page_id=32","title":{"rendered":"\u00fcber mich"},"content":{"rendered":"\n<div class=\"wp-block-media-text is-stacked-on-mobile\" style=\"grid-template-columns:30% auto\"><figure class=\"wp-block-media-text__media\"><img loading=\"lazy\" decoding=\"async\" width=\"600\" height=\"832\" src=\"https:\/\/tagesmutter-untermregenbogen.de\/wp-content\/uploads\/2023\/03\/Kindertagespflege-Lichtenau.png\" alt=\"\" class=\"wp-image-839 size-full\" srcset=\"https:\/\/tagesmutter-untermregenbogen.de\/wp-content\/uploads\/2023\/03\/Kindertagespflege-Lichtenau.png 600w, https:\/\/tagesmutter-untermregenbogen.de\/wp-content\/uploads\/2023\/03\/Kindertagespflege-Lichtenau-216x300.png 216w\" sizes=\"auto, (max-width: 600px) 100vw, 600px\" \/><\/figure><div class=\"wp-block-media-text__content\">\n<p>Mein Name ist Sandra Schumann. Ich bin verheiratet und habe drei schon gro\u00dfe Kinder. Als Mutter von drei Kindern steht man jeden Tag aufs Neue vor kleineren, mittleren und gro\u00dfen Problemen von jedem einzelnen Kind. Diese Herausforderung zu bew\u00e4ltigen, den Kindern dabei Sicherheit, Geborgenheit und Platz zum Wachsen zu geben, ist meine Aufgabe, nicht nur als Mutter, sondern als Teil der Familie. Daher habe ich mich im Jahr 2010 f\u00fcr eine Ausbildung zur Tagesmutter entschieden, um Kinder im Alter von 0-3 Jahren in Ihrer t\u00e4glichen Neugier zu begleiten und zu unterst\u00fctzen. Sie zu f\u00f6rdern und zu sch\u00fctzen ist mir daher ein ureigenes Bed\u00fcrfnis.<br><br>Vorteilhaft ist dabei die familiennahe Kinderbetreuung in einer kleinen Gruppe bis zu vier Kindern, welche ich besonders f\u00fcr Kinder unter 3 Jahren als sehr wichtig erachte. Ich kann individueller und flexibler auf die Bed\u00fcrfnisse der Kinder eingehen als es vielleicht in einer Kindertagesst\u00e4tte, aufgrund des h\u00f6heren Personalschl\u00fcssels, m\u00f6glich ist. Zudem bietet mir mein Wohnhaus einen separaten Bereich, der gen\u00fcgend Platz und Raum hat, um optimal auf die Bed\u00fcrfnisse der Kinder von 0-3 Jahren zu reagieren. <br><br>Dabei soll dieser Ort ein Gef\u00fchl von Vertrautheit, Sicherheit und Geborgenheit f\u00fcr die mir anvertrauten Kinder ausstrahlen.<\/p>\n<\/div><\/div>\n\n\n<p style=\"text-align: center;\"><a href=\"https:\/\/tagesmutter-untermregenbogen.de\/\" data-rich-text-format-boundary=\"true\">Zur\u00fcck<\/a><\/p>","protected":false},"excerpt":{"rendered":"<p>Mein Name ist Sandra Schumann. Ich bin verheiratet und habe drei schon gro\u00dfe Kinder. Als Mutter von drei Kindern steht man jeden Tag aufs Neue vor kleineren, mittleren und gro\u00dfen Problemen von jedem einzelnen Kind. Diese Herausforderung zu bew\u00e4ltigen, den <span class=\"excerpt-dots\">&hellip;<\/span> <a class=\"more-link\" href=\"https:\/\/tagesmutter-untermregenbogen.de\/?page_id=32\"><span class=\"more-msg\">Weiterlesen &rarr;<\/span><\/a><\/p>\n","protected":false},"author":1,"featured_media":0,"parent":0,"menu_order":0,"comment_status":"closed","ping_status":"closed","template":"","meta":{"footnotes":""},"class_list":["post-32","page","type-page","status-publish","hentry"],"_links":{"self":[{"href":"https:\/\/tagesmutter-untermregenbogen.de\/index.php?rest_route=\/wp\/v2\/pages\/32","targetHints":{"allow":["GET"]}}],"collection":[{"href":"https:\/\/tagesmutter-untermregenbogen.de\/index.php?rest_route=\/wp\/v2\/pages"}],"about":[{"href":"https:\/\/tagesmutter-untermregenbogen.de\/index.php?rest_route=\/wp\/v2\/types\/page"}],"author":[{"embeddable":true,"href":"https:\/\/tagesmutter-untermregenbogen.de\/index.php?rest_route=\/wp\/v2\/users\/1"}],"replies":[{"embeddable":true,"href":"https:\/\/tagesmutter-untermregenbogen.de\/index.php?rest_route=%2Fwp%2Fv2%2Fcomments&post=32"}],"version-history":[{"count":17,"href":"https:\/\/tagesmutter-untermregenbogen.de\/index.php?rest_route=\/wp\/v2\/pages\/32\/revisions"}],"predecessor-version":[{"id":1028,"href":"https:\/\/tagesmutter-untermregenbogen.de\/index.php?rest_route=\/wp\/v2\/pages\/32\/revisions\/1028"}],"wp:attachment":[{"href":"https:\/\/tagesmutter-untermregenbogen.de\/index.php?rest_route=%2Fwp%2Fv2%2Fmedia&parent=32"}],"curies":[{"name":"wp","href":"https:\/\/api.w.org\/{rel}","templated":true}]}}